{"id":18376,"date":"2022-12-01T10:58:19","date_gmt":"2022-12-01T10:58:19","guid":{"rendered":"https:\/\/galanisearthworks.com\/supply-of-materials-earthworks-in-corfu-copy\/"},"modified":"2024-09-16T09:23:35","modified_gmt":"2024-09-16T09:23:35","slug":"fourniture-de-materiaux","status":"publish","type":"page","link":"https:\/\/galanisearthworks.com\/fr\/fourniture-de-materiaux\/","title":{"rendered":"Fourniture de Mat\u00e9riaux"},"content":{"rendered":"\t\t<div data-elementor-type=\"wp-page\" data-elementor-id=\"18376\" class=\"elementor elementor-18376 elementor-17588\">\n\t\t\t\t\t\t<section class=\"elementor-section elementor-top-section elementor-element elementor-element-972b975 elementor-section-height-min-height elementor-section-boxed elementor-section-height-default elementor-section-items-middle sc_fly_static\" data-id=\"972b975\" data-element_type=\"section\" data-settings=\"{&quot;background_background&quot;:&quot;classic&quot;}\">\n\t\t\t\t\t\t\t<div class=\"elementor-background-overlay\"><\/div>\n\t\t\t\t\t\t\t<div class=\"elementor-container elementor-column-gap-extended\">\n\t\t\t\t\t<div class=\"elementor-column elementor-col-100 elementor-top-column elementor-element elementor-element-2f61e10 sc_inner_width_none sc_content_align_inherit sc_layouts_column_icons_position_left sc_fly_static\" data-id=\"2f61e10\" data-element_type=\"column\">\n\t\t\t<div class=\"elementor-widget-wrap elementor-element-populated\">\n\t\t\t\t\t\t<div class=\"elementor-element elementor-element-641f00b sc_fly_static elementor-widget elementor-widget-spacer\" data-id=\"641f00b\" data-element_type=\"widget\" data-widget_type=\"spacer.default\">\n\t\t\t\t<div class=\"elementor-widget-container\">\n\t\t\t\t\t<div class=\"elementor-spacer\">\n\t\t\t<div class=\"elementor-spacer-inner\"><\/div>\n\t\t<\/div>\n\t\t\t\t<\/div>\n\t\t\t\t<\/div>\n\t\t\t\t<div class=\"elementor-element elementor-element-90f842a sc_fly_static elementor-widget elementor-widget-trx_sc_title\" data-id=\"90f842a\" data-element_type=\"widget\" data-widget_type=\"trx_sc_title.default\">\n\t\t\t\t<div class=\"elementor-widget-container\">\n\t\t\t<div\t\tclass=\"sc_title sc_title_default\" ><h5 class=\"sc_item_title sc_title_title sc_align_center sc_item_title_style_default sc_item_title_tag trx_addons_inline_1148628200\"\n\t\t\t><span class=\"sc_item_title_text\">galanis dimitrios<\/span><\/h5><\/div>\t\t<\/div>\n\t\t\t\t<\/div>\n\t\t\t\t<div class=\"elementor-element elementor-element-cda491f sc_fly_static elementor-widget elementor-widget-trx_sc_title\" data-id=\"cda491f\" data-element_type=\"widget\" data-widget_type=\"trx_sc_title.default\">\n\t\t\t\t<div class=\"elementor-widget-container\">\n\t\t\t<div\t\tclass=\"sc_title sc_title_default\" ><h1 class=\"sc_item_title sc_title_title sc_align_center sc_item_title_style_default sc_item_title_tag trx_addons_inline_1912610079\"\n\t\t\t><span class=\"sc_item_title_text\">Terrassements <br>\u00e0 Corfou & Paxos<\/span><\/h1><\/div>\t\t<\/div>\n\t\t\t\t<\/div>\n\t\t\t\t<div class=\"elementor-element elementor-element-b839d7a sc_fly_static elementor-widget elementor-widget-spacer\" data-id=\"b839d7a\" data-element_type=\"widget\" data-widget_type=\"spacer.default\">\n\t\t\t\t<div class=\"elementor-widget-container\">\n\t\t\t\t\t<div class=\"elementor-spacer\">\n\t\t\t<div class=\"elementor-spacer-inner\"><\/div>\n\t\t<\/div>\n\t\t\t\t<\/div>\n\t\t\t\t<\/div>\n\t\t\t\t\t<\/div>\n\t\t<\/div>\n\t\t\t\t\t<\/div>\n\t\t<\/section>\n\t\t\t\t<section class=\"elementor-section elementor-top-section elementor-element elementor-element-1ccaeda elementor-section-stretched scheme_default elementor-section-boxed elementor-section-height-default elementor-section-height-default sc_fly_static\" data-id=\"1ccaeda\" data-element_type=\"section\" data-settings=\"{&quot;stretch_section&quot;:&quot;section-stretched&quot;,&quot;background_background&quot;:&quot;classic&quot;}\">\n\t\t\t\t\t\t<div class=\"elementor-container elementor-column-gap-extended\">\n\t\t\t\t\t<div class=\"elementor-column elementor-col-100 elementor-top-column elementor-element elementor-element-116cb6d sc_inner_width_none sc_content_align_inherit sc_layouts_column_icons_position_left sc_fly_static\" data-id=\"116cb6d\" data-element_type=\"column\">\n\t\t\t<div class=\"elementor-widget-wrap elementor-element-populated\">\n\t\t\t\t\t\t<div class=\"elementor-element elementor-element-660ac4d sc_height_huge sc_fly_static elementor-widget elementor-widget-spacer\" data-id=\"660ac4d\" data-element_type=\"widget\" data-widget_type=\"spacer.default\">\n\t\t\t\t<div class=\"elementor-widget-container\">\n\t\t\t\t\t<div class=\"elementor-spacer\">\n\t\t\t<div class=\"elementor-spacer-inner\"><\/div>\n\t\t<\/div>\n\t\t\t\t<\/div>\n\t\t\t\t<\/div>\n\t\t\t\t\t<\/div>\n\t\t<\/div>\n\t\t\t\t\t<\/div>\n\t\t<\/section>\n\t\t\t\t<section class=\"elementor-section elementor-top-section elementor-element elementor-element-55de256 elementor-section-stretched elementor-section-content-middle scheme_default elementor-section-boxed elementor-section-height-default elementor-section-height-default sc_fly_static\" data-id=\"55de256\" data-element_type=\"section\" data-settings=\"{&quot;stretch_section&quot;:&quot;section-stretched&quot;,&quot;background_background&quot;:&quot;classic&quot;}\">\n\t\t\t\t\t\t<div class=\"elementor-container elementor-column-gap-extended\">\n\t\t\t\t\t<div class=\"elementor-column elementor-col-50 elementor-top-column elementor-element elementor-element-6e6f5af sc_inner_width_none sc_content_align_inherit sc_layouts_column_icons_position_left sc_fly_static\" data-id=\"6e6f5af\" data-element_type=\"column\">\n\t\t\t<div class=\"elementor-widget-wrap elementor-element-populated\">\n\t\t\t\t\t\t<div class=\"elementor-element elementor-element-ede3cce sc_fly_static elementor-widget elementor-widget-trx_sc_title\" data-id=\"ede3cce\" data-element_type=\"widget\" data-widget_type=\"trx_sc_title.default\">\n\t\t\t\t<div class=\"elementor-widget-container\">\n\t\t\t<div\t\tclass=\"sc_title sc_title_default\" ><h2 class=\"sc_item_title sc_title_title sc_item_title_style_default sc_item_title_tag\"\n\t\t\t><span class=\"sc_item_title_text\">Fourniture de Mat\u00e9riaux<\/span><\/h2><\/div>\t\t<\/div>\n\t\t\t\t<\/div>\n\t\t\t\t<div class=\"elementor-element elementor-element-acf460a sc_fly_static elementor-widget elementor-widget-spacer\" data-id=\"acf460a\" data-element_type=\"widget\" data-widget_type=\"spacer.default\">\n\t\t\t\t<div class=\"elementor-widget-container\">\n\t\t\t\t\t<div class=\"elementor-spacer\">\n\t\t\t<div class=\"elementor-spacer-inner\"><\/div>\n\t\t<\/div>\n\t\t\t\t<\/div>\n\t\t\t\t<\/div>\n\t\t\t\t<div class=\"elementor-element elementor-element-219a643 sc_fly_static elementor-widget elementor-widget-text-editor\" data-id=\"219a643\" data-element_type=\"widget\" data-widget_type=\"text-editor.default\">\n\t\t\t\t<div class=\"elementor-widget-container\">\n\t\t\t\t\t\t\tNous nous engageons \u00e0 fournir aux professionnels la quantit\u00e9 n\u00e9cessaire de granulats de toute classification selon les sp\u00e9cifications d\u00e9finies par chaque projet.\n\nNous nous engageons \u00e9galement \u00e0 fournir des pierres naturelles pour la construction de murs de sout\u00e8nement et de la terre v\u00e9g\u00e9tale de haute qualit\u00e9 pour la construction\nde jardins.\t\t\t\t\t\t<\/div>\n\t\t\t\t<\/div>\n\t\t\t\t\t<\/div>\n\t\t<\/div>\n\t\t\t\t<div class=\"elementor-column elementor-col-50 elementor-top-column elementor-element elementor-element-80ba0fe sc_inner_width_none sc_content_align_inherit sc_layouts_column_icons_position_left sc_fly_static\" data-id=\"80ba0fe\" data-element_type=\"column\">\n\t\t\t<div class=\"elementor-widget-wrap elementor-element-populated\">\n\t\t\t\t\t\t<div class=\"elementor-element elementor-element-ba0164c sc_fly_static elementor-widget elementor-widget-slider_revolution\" data-id=\"ba0164c\" data-element_type=\"widget\" data-widget_type=\"slider_revolution.default\">\n\t\t\t\t<div class=\"elementor-widget-container\">\n\t\t\t\n\t\t<div class=\"wp-block-themepunch-revslider\">\n\t\t\t<!-- START Supply of materials REVOLUTION SLIDER 6.5.24 --><p class=\"rs-p-wp-fix\"><\/p>\n\t\t\t<rs-module-wrap id=\"rev_slider_8_1_wrapper\" data-source=\"gallery\" style=\"visibility:hidden;background:transparent;padding:0;margin:0px auto;margin-top:0;margin-bottom:0;\">\n\t\t\t\t<rs-module id=\"rev_slider_8_1\" style=\"\" data-version=\"6.5.24\">\n\t\t\t\t\t<rs-slides>\n\t\t\t\t\t\t<rs-slide style=\"position: absolute;\" data-key=\"rs-35\" data-title=\"Slide\" data-thumb=\"\/\/galanisearthworks.com\/wp-content\/uploads\/2022\/12\/20220315_124740-ft-50x100.jpg\" data-anim=\"ms:1000ms;\" data-in=\"o:0;\" data-out=\"a:false;\">\n\t\t\t\t\t\t\t<img fetchpriority=\"high\" decoding=\"async\" src=\"\/\/galanisearthworks.com\/wp-content\/plugins\/revslider\/public\/assets\/assets\/dummy.png\" alt=\"Galanis Earthworks | Earthworks in Corfu & Paxos\" title=\"Galanis Earthworks | Earthworks in Corfu &#038; Paxos\" width=\"800\" height=\"600\" class=\"rev-slidebg tp-rs-img rs-lazyload\" data-lazyload=\"\/\/galanisearthworks.com\/wp-content\/uploads\/2022\/12\/20220315_124740-ft.jpg\" data-bg=\"f:contain;\" data-parallax=\"off\" data-no-retina>\n<!---->\t\t\t\t\t\t<\/rs-slide>\n\t\t\t\t\t\t<rs-slide style=\"position: absolute;\" data-key=\"rs-36\" data-title=\"Slide\" data-thumb=\"\/\/galanisearthworks.com\/wp-content\/uploads\/2022\/12\/20190305_125240-ft-50x100.jpg\" data-anim=\"ms:1000ms;\" data-in=\"o:0;\" data-out=\"a:false;\">\n\t\t\t\t\t\t\t<img decoding=\"async\" src=\"\/\/galanisearthworks.com\/wp-content\/plugins\/revslider\/public\/assets\/assets\/dummy.png\" alt=\"Galanis Earthworks | Earthworks in Corfu & Paxos\" title=\"Galanis Earthworks | Earthworks in Corfu &#038; Paxos\" width=\"800\" height=\"600\" class=\"rev-slidebg tp-rs-img rs-lazyload\" data-lazyload=\"\/\/galanisearthworks.com\/wp-content\/uploads\/2022\/12\/20190305_125240-ft.jpg\" data-bg=\"f:contain;\" data-parallax=\"off\" data-no-retina>\n<!---->\t\t\t\t\t\t<\/rs-slide>\n\t\t\t\t\t\t<rs-slide style=\"position: absolute;\" data-key=\"rs-37\" data-title=\"Slide\" data-thumb=\"\/\/galanisearthworks.com\/wp-content\/uploads\/2022\/12\/20200919_144306-ft-50x100.jpg\" data-anim=\"ms:1000ms;\" data-in=\"o:0;\" data-out=\"a:false;\">\n\t\t\t\t\t\t\t<img decoding=\"async\" src=\"\/\/galanisearthworks.com\/wp-content\/plugins\/revslider\/public\/assets\/assets\/dummy.png\" alt=\"Galanis Earthworks | Earthworks in Corfu & Paxos\" title=\"Galanis Earthworks | Earthworks in Corfu &#038; Paxos\" width=\"800\" height=\"600\" class=\"rev-slidebg tp-rs-img rs-lazyload\" data-lazyload=\"\/\/galanisearthworks.com\/wp-content\/uploads\/2022\/12\/20200919_144306-ft.jpg\" data-bg=\"f:contain;\" data-parallax=\"off\" data-no-retina>\n<!---->\t\t\t\t\t\t<\/rs-slide>\n\t\t\t\t\t\t<rs-slide style=\"position: absolute;\" data-key=\"rs-38\" data-title=\"Slide\" data-thumb=\"\/\/galanisearthworks.com\/wp-content\/uploads\/2022\/12\/20191205_095411-ft-50x100.jpg\" data-anim=\"ms:1000ms;\" data-in=\"o:0;\" data-out=\"a:false;\">\n\t\t\t\t\t\t\t<img loading=\"lazy\" decoding=\"async\" src=\"\/\/galanisearthworks.com\/wp-content\/plugins\/revslider\/public\/assets\/assets\/dummy.png\" alt=\"Galanis Earthworks | Earthworks in Corfu & Paxos\" title=\"Galanis Earthworks | Earthworks in Corfu &#038; Paxos\" width=\"800\" height=\"600\" class=\"rev-slidebg tp-rs-img rs-lazyload\" data-lazyload=\"\/\/galanisearthworks.com\/wp-content\/uploads\/2022\/12\/20191205_095411-ft.jpg\" data-bg=\"f:contain;\" data-parallax=\"off\" data-no-retina>\n<!---->\t\t\t\t\t\t<\/rs-slide>\n\t\t\t\t\t\t<rs-slide style=\"position: absolute;\" data-key=\"rs-39\" data-title=\"Slide\" data-thumb=\"\/\/galanisearthworks.com\/wp-content\/uploads\/2022\/12\/20200203_184604-ft-50x100.jpg\" data-anim=\"ms:1000ms;\" data-in=\"o:0;\" data-out=\"a:false;\">\n\t\t\t\t\t\t\t<img loading=\"lazy\" decoding=\"async\" src=\"\/\/galanisearthworks.com\/wp-content\/plugins\/revslider\/public\/assets\/assets\/dummy.png\" alt=\"Galanis Earthworks | Earthworks in Corfu & Paxos\" title=\"Galanis Earthworks | Earthworks in Corfu &#038; Paxos\" width=\"800\" height=\"600\" class=\"rev-slidebg tp-rs-img rs-lazyload\" data-lazyload=\"\/\/galanisearthworks.com\/wp-content\/uploads\/2022\/12\/20200203_184604-ft.jpg\" data-bg=\"f:contain;\" data-parallax=\"off\" data-no-retina>\n<!---->\t\t\t\t\t\t<\/rs-slide>\n\t\t\t\t\t<\/rs-slides>\n\t\t\t\t\t<rs-static-layers><!--\n\t\t\t\t\t--><\/rs-static-layers>\n\t\t\t\t<\/rs-module>\n\t\t\t\t<script>\n\t\t\t\t\tsetREVStartSize({c: 'rev_slider_8_1',rl:[1240,1460,785,500],el:[600,700,600,480],gw:[800,1440,800,480],gh:[600,700,600,480],type:'standard',justify:'',layout:'fullwidth',mh:\"0\"});if (window.RS_MODULES!==undefined && window.RS_MODULES.modules!==undefined && window.RS_MODULES.modules[\"revslider81\"]!==undefined) {window.RS_MODULES.modules[\"revslider81\"].once = false;window.revapi8 = undefined;if (window.RS_MODULES.checkMinimal!==undefined) window.RS_MODULES.checkMinimal()}\n\t\t\t\t<\/script>\n\t\t\t<\/rs-module-wrap>\n\t\t\t<!-- END REVOLUTION SLIDER -->\n<\/div>\n\n\t\t\t\t<\/div>\n\t\t\t\t<\/div>\n\t\t\t\t\t<\/div>\n\t\t<\/div>\n\t\t\t\t\t<\/div>\n\t\t<\/section>\n\t\t\t\t<section class=\"elementor-section elementor-top-section elementor-element elementor-element-0983699 elementor-section-stretched scheme_default elementor-section-boxed elementor-section-height-default elementor-section-height-default sc_fly_static\" data-id=\"0983699\" data-element_type=\"section\" data-settings=\"{&quot;stretch_section&quot;:&quot;section-stretched&quot;,&quot;background_background&quot;:&quot;classic&quot;}\">\n\t\t\t\t\t\t<div class=\"elementor-container elementor-column-gap-extended\">\n\t\t\t\t\t<div class=\"elementor-column elementor-col-100 elementor-top-column elementor-element elementor-element-7c04f05 sc_inner_width_none sc_content_align_inherit sc_layouts_column_icons_position_left sc_fly_static\" data-id=\"7c04f05\" data-element_type=\"column\">\n\t\t\t<div class=\"elementor-widget-wrap elementor-element-populated\">\n\t\t\t\t\t\t<div class=\"elementor-element elementor-element-935161c sc_height_huge sc_fly_static elementor-widget elementor-widget-spacer\" data-id=\"935161c\" data-element_type=\"widget\" data-widget_type=\"spacer.default\">\n\t\t\t\t<div class=\"elementor-widget-container\">\n\t\t\t\t\t<div class=\"elementor-spacer\">\n\t\t\t<div class=\"elementor-spacer-inner\"><\/div>\n\t\t<\/div>\n\t\t\t\t<\/div>\n\t\t\t\t<\/div>\n\t\t\t\t\t<\/div>\n\t\t<\/div>\n\t\t\t\t\t<\/div>\n\t\t<\/section>\n\t\t\t\t<section class=\"elementor-section elementor-top-section elementor-element elementor-element-4fdabf4 elementor-section-full_width elementor-section-content-middle scheme_dark elementor-reverse-mobile elementor-section-height-default elementor-section-height-default sc_fly_static\" data-id=\"4fdabf4\" data-element_type=\"section\" data-settings=\"{&quot;background_background&quot;:&quot;classic&quot;}\">\n\t\t\t\t\t\t<div class=\"elementor-container elementor-column-gap-no\">\n\t\t\t\t\t<div class=\"elementor-column elementor-col-50 elementor-top-column elementor-element elementor-element-63650e8 sc_layouts_column_align_center sc_layouts_column sc_inner_width_none sc_content_align_inherit sc_layouts_column_icons_position_left sc_fly_static\" data-id=\"63650e8\" data-element_type=\"column\" data-settings=\"{&quot;background_background&quot;:&quot;classic&quot;}\">\n\t\t\t<div class=\"elementor-widget-wrap elementor-element-populated\">\n\t\t\t\t\t\t<div class=\"elementor-element elementor-element-4081663 sc_height_huge sc_fly_static elementor-widget elementor-widget-spacer\" data-id=\"4081663\" data-element_type=\"widget\" data-widget_type=\"spacer.default\">\n\t\t\t\t<div class=\"elementor-widget-container\">\n\t\t\t\t\t<div class=\"elementor-spacer\">\n\t\t\t<div class=\"elementor-spacer-inner\"><\/div>\n\t\t<\/div>\n\t\t\t\t<\/div>\n\t\t\t\t<\/div>\n\t\t\t\t<div class=\"elementor-element elementor-element-e6f0cb8 sc_layouts_hide_on_wide sc_layouts_hide_on_desktop sc_layouts_hide_on_notebook sc_layouts_hide_on_tablet sc_fly_static elementor-widget elementor-widget-spacer\" data-id=\"e6f0cb8\" data-element_type=\"widget\" data-widget_type=\"spacer.default\">\n\t\t\t\t<div class=\"elementor-widget-container\">\n\t\t\t\t\t<div class=\"elementor-spacer\">\n\t\t\t<div class=\"elementor-spacer-inner\"><\/div>\n\t\t<\/div>\n\t\t\t\t<\/div>\n\t\t\t\t<\/div>\n\t\t\t\t<div class=\"elementor-element elementor-element-df608af sc_height_huge sc_layouts_hide_on_wide sc_layouts_hide_on_desktop sc_layouts_hide_on_notebook sc_layouts_hide_on_tablet sc_fly_static elementor-widget elementor-widget-spacer\" data-id=\"df608af\" data-element_type=\"widget\" data-widget_type=\"spacer.default\">\n\t\t\t\t<div class=\"elementor-widget-container\">\n\t\t\t\t\t<div class=\"elementor-spacer\">\n\t\t\t<div class=\"elementor-spacer-inner\"><\/div>\n\t\t<\/div>\n\t\t\t\t<\/div>\n\t\t\t\t<\/div>\n\t\t\t\t<div class=\"elementor-element elementor-element-ceecc3d sc_height_huge sc_fly_static elementor-widget elementor-widget-spacer\" data-id=\"ceecc3d\" data-element_type=\"widget\" data-widget_type=\"spacer.default\">\n\t\t\t\t<div class=\"elementor-widget-container\">\n\t\t\t\t\t<div class=\"elementor-spacer\">\n\t\t\t<div class=\"elementor-spacer-inner\"><\/div>\n\t\t<\/div>\n\t\t\t\t<\/div>\n\t\t\t\t<\/div>\n\t\t\t\t\t<\/div>\n\t\t<\/div>\n\t\t\t\t<div class=\"elementor-column elementor-col-50 elementor-top-column elementor-element elementor-element-797ff92 sc_inner_width_none sc_content_align_inherit sc_layouts_column_icons_position_left sc_fly_static\" data-id=\"797ff92\" data-element_type=\"column\">\n\t\t\t<div class=\"elementor-widget-wrap elementor-element-populated\">\n\t\t\t\t\t\t<div class=\"elementor-element elementor-element-13577c4 sc_height_huge sc_fly_static elementor-widget elementor-widget-spacer\" data-id=\"13577c4\" data-element_type=\"widget\" data-widget_type=\"spacer.default\">\n\t\t\t\t<div class=\"elementor-widget-container\">\n\t\t\t\t\t<div class=\"elementor-spacer\">\n\t\t\t<div class=\"elementor-spacer-inner\"><\/div>\n\t\t<\/div>\n\t\t\t\t<\/div>\n\t\t\t\t<\/div>\n\t\t\t\t<div class=\"elementor-element elementor-element-f317b38 sc_fly_static elementor-widget elementor-widget-trx_sc_title\" data-id=\"f317b38\" data-element_type=\"widget\" data-widget_type=\"trx_sc_title.default\">\n\t\t\t\t<div class=\"elementor-widget-container\">\n\t\t\t<div\t\tclass=\"sc_title sc_title_default\" ><h1 class=\"sc_item_title sc_title_title sc_align_center sc_item_title_style_default sc_item_title_tag\"\n\t\t\t><span class=\"sc_item_title_text\">Comptez sur nous<\/span><\/h1><div class=\"sc_item_descr sc_title_descr sc_align_center\"><p>Notre objectif est de livrer \u00e0 nos clients et partenaires des travaux qui dureront \u00e0 vie.<\/p>\n<\/div><\/div>\t\t<\/div>\n\t\t\t\t<\/div>\n\t\t\t\t<div class=\"elementor-element elementor-element-ce4e7b6 sc_fly_static elementor-widget elementor-widget-trx_sc_button\" data-id=\"ce4e7b6\" data-element_type=\"widget\" data-widget_type=\"trx_sc_button.default\">\n\t\t\t\t<div class=\"elementor-widget-container\">\n\t\t\t<div\tclass=\"sc_item_button sc_button_wrap sc_align_center\" ><a href=\"https:\/\/galanisearthworks.com\/fr\/contact-terrassements-a-corfou\/\" class=\"sc_button sc_button_default sc_button_size_large sc_button_icon_left\" ><span class=\"sc_button_text\"><span class=\"sc_button_title\">NOUS CONTACTER<\/span><\/span><\/a><\/div>\t\t<\/div>\n\t\t\t\t<\/div>\n\t\t\t\t<div class=\"elementor-element elementor-element-3d2456d sc_height_huge sc_fly_static elementor-widget elementor-widget-spacer\" data-id=\"3d2456d\" data-element_type=\"widget\" data-widget_type=\"spacer.default\">\n\t\t\t\t<div class=\"elementor-widget-container\">\n\t\t\t\t\t<div class=\"elementor-spacer\">\n\t\t\t<div class=\"elementor-spacer-inner\"><\/div>\n\t\t<\/div>\n\t\t\t\t<\/div>\n\t\t\t\t<\/div>\n\t\t\t\t\t<\/div>\n\t\t<\/div>\n\t\t\t\t\t<\/div>\n\t\t<\/section>\n\t\t\t\t<\/div>\n\t\t","protected":false},"excerpt":{"rendered":"<p>galanis dimitrios Terrassements \u00e0 Corfou &#038; Paxos Fourniture de Mat\u00e9riaux Nous nous engageons \u00e0 fournir aux professionnels la quantit\u00e9 n\u00e9cessaire de granulats de toute classification selon les sp\u00e9cifications d\u00e9finies par&hellip;<\/p>\n","protected":false},"author":1,"featured_media":0,"parent":0,"menu_order":0,"comment_status":"closed","ping_status":"closed","template":"","meta":{"footnotes":""},"class_list":["post-18376","page","type-page","status-publish","hentry"],"aioseo_notices":[],"_links":{"self":[{"href":"https:\/\/galanisearthworks.com\/fr\/wp-json\/wp\/v2\/pages\/18376"}],"collection":[{"href":"https:\/\/galanisearthworks.com\/fr\/wp-json\/wp\/v2\/pages"}],"about":[{"href":"https:\/\/galanisearthworks.com\/fr\/wp-json\/wp\/v2\/types\/page"}],"author":[{"embeddable":true,"href":"https:\/\/galanisearthworks.com\/fr\/wp-json\/wp\/v2\/users\/1"}],"replies":[{"embeddable":true,"href":"https:\/\/galanisearthworks.com\/fr\/wp-json\/wp\/v2\/comments?post=18376"}],"version-history":[{"count":21,"href":"https:\/\/galanisearthworks.com\/fr\/wp-json\/wp\/v2\/pages\/18376\/revisions"}],"predecessor-version":[{"id":19303,"href":"https:\/\/galanisearthworks.com\/fr\/wp-json\/wp\/v2\/pages\/18376\/revisions\/19303"}],"wp:attachment":[{"href":"https:\/\/galanisearthworks.com\/fr\/wp-json\/wp\/v2\/media?parent=18376"}],"curies":[{"name":"wp","href":"https:\/\/api.w.org\/{rel}","templated":true}]}}